{"id":4617,"date":"2017-10-11T13:36:18","date_gmt":"2017-10-11T13:36:18","guid":{"rendered":"https:\/\/admissions.ucf.edu\/?page_id=4617"},"modified":"2025-01-02T16:14:00","modified_gmt":"2025-01-02T21:14:00","slug":"informacion-huracanes-irma-maria","status":"publish","type":"page","link":"https:\/\/www.ucf.edu\/admissions\/undergraduate\/informacion-huracanes-irma-maria\/","title":{"rendered":"Informaci\u00f3n para estudiantes potenciales afectados por los huracanes Irma &amp; Maria en Puerto Rico y las Islas V\u00edrgenes de los Estados Unidos"},"content":{"rendered":"<p><em>La traducci\u00f3n de esta p\u00e1gina web de Admisiones de Pregrado se realiz\u00f3 a trav\u00e9s de un proceso automatizado \/ computarizado impulsado por Google. Ni la Oficina de Admisiones de Pregrado de la Universidad de Florida Central, ni ninguna agencia, funcionario o empleado de la Oficina de Admisiones de Pregrado de la Universidad de Florida Central garantiza la exactitud, confiabilidad o oportunidad de cualquier informaci\u00f3n traducida por este sistema y no ser\u00e1 responsable de cualquier p\u00e9rdida causada por tal dependencia en la exactitud, confiabilidad o oportunidad de tal informaci\u00f3n. Aunque se hace todo lo posible para garantizar la exactitud de la traducci\u00f3n, las porciones pueden ser incorrectas. Cualquier persona o entidad que se base en informaci\u00f3n obtenida del sistema lo hace a su propio riesgo.<\/em><br \/>\n<em> Si desea reportar un error de traducci\u00f3n o inexactitud, p\u00f3ngase en contacto con nosotros.<\/em><\/p>\n<p>&nbsp;<\/p>\n<h2 class=\"h5\">UCF est\u00e1 dando a los estudiantes de PR y USVI Florida residente de matr\u00edcula?<\/h2>\n<p>UCF est\u00e1 ofreciendo una exenci\u00f3n de los honorarios fuera del estado para la primavera de 2018 para los estudiantes reci\u00e9n matriculados de PR y el USVI.<\/p>\n<p>Escuch\u00e9 que me pueden permitir completar mi semestre de oto\u00f1o en UCF. \u00bfEs eso cierto?<\/p>\n<p>Desafortunadamente eso no es cierto. Primavera 2018 es el primer semestre disponible para solicitar la admisi\u00f3n en UCF. El plazo para solicitar este semestre es el 1 de noviembre de 2017.<\/p>\n<p>&nbsp;<\/p>\n<h2 class=\"h5\">\u00bfC\u00f3mo me inscribo en UCF?<\/h2>\n<p>Para ser considerado para la admisi\u00f3n, usted debe solicitar a UCF a trav\u00e9s de nuestra <a href=\"https:\/\/apply.ucf.edu\/application\/\">aplicaci\u00f3n en l\u00ednea<\/a>. Si necesita una exenci\u00f3n por la cuota de solicitud de $ 30, env\u00ede una solicitud de exenci\u00f3n por correo electr\u00f3nico a <a href=\"mailto:myapplicationdocs@ucf.edu\">myapplicationdocs@ucf.edu<\/a> con su nombre (tal como aparece en su solicitud y las transcripciones), as\u00ed como su fecha de nacimiento.<\/p>\n<p>&nbsp;<\/p>\n<h2 class=\"h5\">\u00bfQu\u00e9 hago para obtener las transcripciones y las calificaciones de las pruebas?<\/h2>\n<p>Entendemos que las transcripciones oficiales pueden no estar disponibles en este momento. Una vez que solicite, puede enviar sus transcripciones no oficiales a <a href=\"mailto:myapplicationdocs@ucf.edu\">myapplicationdocs@ucf.edu<\/a> para su consideraci\u00f3n. Las transcripciones no oficiales est\u00e1n siendo consideradas caso por caso. Las transcripciones oficiales ser\u00e1n requeridas una vez que est\u00e9n disponibles.<\/p>\n<p>Si usted es la primera vez en un estudiante universitario o en un estudiante de transferencia que ha completado menos de 30 horas semestrales de cr\u00e9dito, debemos tener una puntuaci\u00f3n de SAT o ACT para considerarlo para la admisi\u00f3n. Si usted tom\u00f3 una SAT o ACT anteriormente, puede solicitar que los resultados de sus ex\u00e1menes nos sean enviados a trav\u00e9s del sitio web de <a href=\"https:\/\/collegereadiness.collegeboard.org\/sat\/scores\/sending-scores\/how-to-send\">College Board<\/a> o el sitio web de <a href=\"https:\/\/www.act.org\/content\/act\/en\/products-and-services\/the-act\/scores\/sending-your-scores.html\">ACT<\/a>. Si usted no tom\u00f3 un SAT o ACT, nuestra instituci\u00f3n asociada, <a href=\"https:\/\/valenciacollege.edu\/\">Valencia College<\/a>, puede ser una buena opci\u00f3n para usted. Ellos no tienen el requisito de la SAT o ACT y est\u00e1n ofreciendo la exenci\u00f3n de los honorarios fuera del estado para la primavera de 2018. Si est\u00e1 interesado en explorar la opci\u00f3n de <a href=\"https:\/\/valenciacollege.edu\/\">Valencia College<\/a> y nuestra <a href=\"https:\/\/directconnect.ucf.edu\/\">Conexi\u00f3n Directa a UCF<\/a> garantiza la admisi\u00f3n al ganar el Grado AA (Asociado de las artes), por favor visite su sitio web.<\/p>\n<p>&nbsp;<\/p>\n<h2 class=\"h5\">\u00bfTransfieren todos mis cr\u00e9ditos a UCF?<\/h2>\n<p>Todos los cr\u00e9ditos enviados en transcripciones oficiales de instituciones acreditadas regionalmente se transferir\u00e1n a UCF. Si los cursos cumplen los requisitos de grado se determinar\u00e1 antes de la orientaci\u00f3n. Para obtener informaci\u00f3n sobre los requisitos de grado, consulte nuestro <a href=\"https:\/\/www.ucf.edu\/catalog\/\">cat\u00e1logo de pregrado<\/a>.<\/p>\n<p>&nbsp;<\/p>\n<h2 class=\"h5\">\u00bfCu\u00e1nto cuesta asistir a UCF?<\/h2>\n<p>Las matr\u00edculas se cobran en funci\u00f3n del n\u00famero de horas de cr\u00e9dito en las que se inscribe. Consulte nuestra <a href=\"https:\/\/www.ucf.edu\/financial-aid\/cost\/\">Oficina de Asistencia Financiera<\/a> para Estudiantes para obtener m\u00e1s informaci\u00f3n.<\/p>\n<p>&nbsp;<\/p>\n<h2 class=\"h5\">\u00bfHay vivienda disponible para los estudiantes afectados?<\/h2>\n<p>Una vez que un estudiante sea admitido en UCF, puede solicitar alojamiento en el campus, el cual puede ser limitado para la primavera de 2018. Los estudiantes interesados en opciones de vivienda en el campus deben contactar al <a href=\"https:\/\/www.housing.ucf.edu\/contact\">Departamento de Vivienda y Residencia<\/a> para informarse sobre disponibilidad y obtener vivienda informaci\u00f3n sobre su admisi\u00f3n en la universidad.<\/p>\n<p>UCF tambi\u00e9n se asocia con comunidades locales de vivienda y nuestra oficina de <a href=\"https:\/\/ucf.offcampuspartners.com\/\">Relaciones con Vecinos de Estudiantes<\/a> puede ayudarle a evaluar sus opciones de vivienda.<\/p>\n<p>&nbsp;<\/p>\n<h2 class=\"h5\">\u00bfQu\u00e9 hago si todav\u00eda tengo preguntas?<\/h2>\n<p>Dado que la comunicaci\u00f3n telef\u00f3nica puede no ser fiable y consistente en todos los lugares, toda comunicaci\u00f3n debe hacerse por correo electr\u00f3nico. Puede ponerse en contacto con nosotros, sin embargo, le pedimos que responda a las siguientes preguntas en su correo electr\u00f3nico inicial:<\/p>\n<ol>\n<li>\u00bfEs usted un estudiante de primer a\u00f1o entrante (FTIC) o estudiante de transferencia? Un estudiante de primer a\u00f1o se define como un estudiante que no ha completado m\u00e1s de 11 cr\u00e9ditos universitarios despu\u00e9s de la escuela secundaria.<\/li>\n<li>Si usted es un estudiante de transferencia, \u00bfcu\u00e1ntos cr\u00e9ditos universitarios ha completado antes del oto\u00f1o de 2017?<\/li>\n<li>\u00bfTomaste el examen SAT o ACT?<\/li>\n<li>\u00bfTiene acceso a cualquiera de sus transcripciones (incluyendo la escuela secundaria o la universidad), en formato oficial o no oficial?<\/li>\n<li>\u00bfTiene la intenci\u00f3n de hacer UCF su instituci\u00f3n permanente o piensa devolver y transferir el cr\u00e9dito obtenido en UCF de vuelta a una escuela en Puerto Rico o las Islas V\u00edrgenes de los EE.UU.?<\/li>\n<\/ol>\n\t\t\t<div class=\"alert alert-info mt-4\"\n\t\t\t\t\t\t\t\t\t>\n\t\t\t\tSi usted es un ESTUDIANTE ACTUAL de la UCF o ha asistido alguna vez a UCF en el pasado, comun\u00edquese con la Oficina del Registrador a <a class=\"alert-link\"\n\t\t\thref=\"mailto:registrar@ucf.edu\"\t\t\t\t\t\t\t\t\t\t\t\t\t\t\t\t\t\t>registrar@ucf.edu<\/a>.\t\t\t<\/div>\n\t\t\n\t\t\t<div class=\"alert alert-danger\"\n\t\t\t\t\t\t\t\t\t>\n\t\t\t\t<strong>Debido al volumen de consultas recibidas, tenga paciencia al evaluar sus necesidades y responder a su consulta. No env\u00ede varios mensajes de correo electr\u00f3nico a menos que tenga informaci\u00f3n nueva que compartir.<\/strong>\t\t\t<\/div>\n\t\t\n","protected":false},"excerpt":{"rendered":"La traducci\u00f3n de esta p\u00e1gina web de Admisiones de Pregrado se realiz\u00f3 a trav\u00e9s de un proceso automatizado \/ computarizado impulsado por Google. Ni la Oficina de Admisiones de Pregrado de la Universidad de Florida Central, ni ninguna agencia, funcionario o empleado de la Oficina de Admisiones de Pregrado de la Universidad de Florida Central&hellip;","protected":false},"author":1,"featured_media":0,"parent":0,"menu_order":0,"comment_status":"closed","ping_status":"closed","template":"template-narrow.php","meta":{"_acf_changed":false,"footnotes":""},"class_list":["post-4617","page","type-page","status-publish","hentry"],"acf":[],"yoast_head":"<!-- This site is optimized with the Yoast SEO plugin v24.9 - https:\/\/yoast.com\/wordpress\/plugins\/seo\/ -->\n<title>Informaci\u00f3n para estudiantes potenciales afectados por los huracanes Irma &amp; Maria en Puerto Rico y las Islas V\u00edrgenes de los Estados Unidos | UCF<\/title>\n<meta name=\"description\" content=\"Informaci\u00f3n para estudiantes potenciales afectados por los huracanes Irma &amp; Maria en Puerto Rico y las Islas V\u00edrgenes de los Estados Unidos\" \/>\n<meta name=\"robots\" content=\"index, follow, max-snippet:-1, max-image-preview:large, max-video-preview:-1\" \/>\n<link rel=\"canonical\" href=\"https:\/\/www.ucf.edu\/admissions\/undergraduate\/informacion-huracanes-irma-maria\/\" \/>\n<meta property=\"og:locale\" content=\"en_US\" \/>\n<meta property=\"og:type\" content=\"article\" \/>\n<meta property=\"og:title\" content=\"Informaci\u00f3n para estudiantes potenciales afectados por los huracanes Irma &amp; Maria en Puerto Rico y las Islas V\u00edrgenes de los Estados Unidos | UCF\" \/>\n<meta property=\"og:description\" content=\"Informaci\u00f3n para estudiantes potenciales afectados por los huracanes Irma &amp; Maria en Puerto Rico y las Islas V\u00edrgenes de los Estados Unidos\" \/>\n<meta property=\"og:url\" content=\"https:\/\/www.ucf.edu\/admissions\/undergraduate\/informacion-huracanes-irma-maria\/\" \/>\n<meta property=\"og:site_name\" content=\"Undergraduate Admissions\" \/>\n<meta property=\"article:modified_time\" content=\"2025-01-02T21:14:00+00:00\" \/>\n<meta name=\"twitter:card\" content=\"summary_large_image\" \/>\n<meta name=\"twitter:label1\" content=\"Est. reading time\" \/>\n\t<meta name=\"twitter:data1\" content=\"5 minutes\" \/>\n<script type=\"application\/ld+json\" class=\"yoast-schema-graph\">{\"@context\":\"https:\/\/schema.org\",\"@graph\":[{\"@type\":\"WebPage\",\"@id\":\"https:\/\/www.ucf.edu\/admissions\/undergraduate\/informacion-huracanes-irma-maria\/\",\"url\":\"https:\/\/www.ucf.edu\/admissions\/undergraduate\/informacion-huracanes-irma-maria\/\",\"name\":\"Informaci\u00f3n para estudiantes potenciales afectados por los huracanes Irma &amp; Maria en Puerto Rico y las Islas V\u00edrgenes de los Estados Unidos | UCF\",\"isPartOf\":{\"@id\":\"https:\/\/www.ucf.edu\/admissions\/undergraduate\/#website\"},\"datePublished\":\"2017-10-11T13:36:18+00:00\",\"dateModified\":\"2025-01-02T21:14:00+00:00\",\"description\":\"Informaci\u00f3n para estudiantes potenciales afectados por los huracanes Irma & Maria en Puerto Rico y las Islas V\u00edrgenes de los Estados Unidos\",\"breadcrumb\":{\"@id\":\"https:\/\/www.ucf.edu\/admissions\/undergraduate\/informacion-huracanes-irma-maria\/#breadcrumb\"},\"inLanguage\":\"en-US\",\"potentialAction\":[{\"@type\":\"ReadAction\",\"target\":[\"https:\/\/www.ucf.edu\/admissions\/undergraduate\/informacion-huracanes-irma-maria\/\"]}]},{\"@type\":\"BreadcrumbList\",\"@id\":\"https:\/\/www.ucf.edu\/admissions\/undergraduate\/informacion-huracanes-irma-maria\/#breadcrumb\",\"itemListElement\":[{\"@type\":\"ListItem\",\"position\":1,\"name\":\"Home\",\"item\":\"https:\/\/www.ucf.edu\/admissions\/undergraduate\/\"},{\"@type\":\"ListItem\",\"position\":2,\"name\":\"Informaci\u00f3n para estudiantes potenciales afectados por los huracanes Irma &amp; Maria en Puerto Rico y las Islas V\u00edrgenes de los Estados Unidos\"}]},{\"@type\":\"WebSite\",\"@id\":\"https:\/\/www.ucf.edu\/admissions\/undergraduate\/#website\",\"url\":\"https:\/\/www.ucf.edu\/admissions\/undergraduate\/\",\"name\":\"Undergraduate Admissions\",\"description\":\"\",\"potentialAction\":[{\"@type\":\"SearchAction\",\"target\":{\"@type\":\"EntryPoint\",\"urlTemplate\":\"https:\/\/www.ucf.edu\/admissions\/undergraduate\/?s={search_term_string}\"},\"query-input\":{\"@type\":\"PropertyValueSpecification\",\"valueRequired\":true,\"valueName\":\"search_term_string\"}}],\"inLanguage\":\"en-US\"}]}<\/script>\n<!-- \/ Yoast SEO plugin. -->","yoast_head_json":{"title":"Informaci\u00f3n para estudiantes potenciales afectados por los huracanes Irma &amp; Maria en Puerto Rico y las Islas V\u00edrgenes de los Estados Unidos | UCF","description":"Informaci\u00f3n para estudiantes potenciales afectados por los huracanes Irma & Maria en Puerto Rico y las Islas V\u00edrgenes de los Estados Unidos","robots":{"index":"index","follow":"follow","max-snippet":"max-snippet:-1","max-image-preview":"max-image-preview:large","max-video-preview":"max-video-preview:-1"},"canonical":"https:\/\/www.ucf.edu\/admissions\/undergraduate\/informacion-huracanes-irma-maria\/","og_locale":"en_US","og_type":"article","og_title":"Informaci\u00f3n para estudiantes potenciales afectados por los huracanes Irma &amp; Maria en Puerto Rico y las Islas V\u00edrgenes de los Estados Unidos | UCF","og_description":"Informaci\u00f3n para estudiantes potenciales afectados por los huracanes Irma & Maria en Puerto Rico y las Islas V\u00edrgenes de los Estados Unidos","og_url":"https:\/\/www.ucf.edu\/admissions\/undergraduate\/informacion-huracanes-irma-maria\/","og_site_name":"Undergraduate Admissions","article_modified_time":"2025-01-02T21:14:00+00:00","twitter_card":"summary_large_image","twitter_misc":{"Est. reading time":"5 minutes"},"schema":{"@context":"https:\/\/schema.org","@graph":[{"@type":"WebPage","@id":"https:\/\/www.ucf.edu\/admissions\/undergraduate\/informacion-huracanes-irma-maria\/","url":"https:\/\/www.ucf.edu\/admissions\/undergraduate\/informacion-huracanes-irma-maria\/","name":"Informaci\u00f3n para estudiantes potenciales afectados por los huracanes Irma &amp; Maria en Puerto Rico y las Islas V\u00edrgenes de los Estados Unidos | UCF","isPartOf":{"@id":"https:\/\/www.ucf.edu\/admissions\/undergraduate\/#website"},"datePublished":"2017-10-11T13:36:18+00:00","dateModified":"2025-01-02T21:14:00+00:00","description":"Informaci\u00f3n para estudiantes potenciales afectados por los huracanes Irma & Maria en Puerto Rico y las Islas V\u00edrgenes de los Estados Unidos","breadcrumb":{"@id":"https:\/\/www.ucf.edu\/admissions\/undergraduate\/informacion-huracanes-irma-maria\/#breadcrumb"},"inLanguage":"en-US","potentialAction":[{"@type":"ReadAction","target":["https:\/\/www.ucf.edu\/admissions\/undergraduate\/informacion-huracanes-irma-maria\/"]}]},{"@type":"BreadcrumbList","@id":"https:\/\/www.ucf.edu\/admissions\/undergraduate\/informacion-huracanes-irma-maria\/#breadcrumb","itemListElement":[{"@type":"ListItem","position":1,"name":"Home","item":"https:\/\/www.ucf.edu\/admissions\/undergraduate\/"},{"@type":"ListItem","position":2,"name":"Informaci\u00f3n para estudiantes potenciales afectados por los huracanes Irma &amp; Maria en Puerto Rico y las Islas V\u00edrgenes de los Estados Unidos"}]},{"@type":"WebSite","@id":"https:\/\/www.ucf.edu\/admissions\/undergraduate\/#website","url":"https:\/\/www.ucf.edu\/admissions\/undergraduate\/","name":"Undergraduate Admissions","description":"","potentialAction":[{"@type":"SearchAction","target":{"@type":"EntryPoint","urlTemplate":"https:\/\/www.ucf.edu\/admissions\/undergraduate\/?s={search_term_string}"},"query-input":{"@type":"PropertyValueSpecification","valueRequired":true,"valueName":"search_term_string"}}],"inLanguage":"en-US"}]}},"_links":{"self":[{"href":"https:\/\/www.ucf.edu\/admissions\/undergraduate\/wp-json\/wp\/v2\/pages\/4617","targetHints":{"allow":["GET"]}}],"collection":[{"href":"https:\/\/www.ucf.edu\/admissions\/undergraduate\/wp-json\/wp\/v2\/pages"}],"about":[{"href":"https:\/\/www.ucf.edu\/admissions\/undergraduate\/wp-json\/wp\/v2\/types\/page"}],"author":[{"embeddable":true,"href":"https:\/\/www.ucf.edu\/admissions\/undergraduate\/wp-json\/wp\/v2\/users\/1"}],"replies":[{"embeddable":true,"href":"https:\/\/www.ucf.edu\/admissions\/undergraduate\/wp-json\/wp\/v2\/comments?post=4617"}],"version-history":[{"count":8,"href":"https:\/\/www.ucf.edu\/admissions\/undergraduate\/wp-json\/wp\/v2\/pages\/4617\/revisions"}],"predecessor-version":[{"id":13310,"href":"https:\/\/www.ucf.edu\/admissions\/undergraduate\/wp-json\/wp\/v2\/pages\/4617\/revisions\/13310"}],"wp:attachment":[{"href":"https:\/\/www.ucf.edu\/admissions\/undergraduate\/wp-json\/wp\/v2\/media?parent=4617"}],"curies":[{"name":"wp","href":"https:\/\/api.w.org\/{rel}","templated":true}]}}